{"id":3,"date":"2023-03-13T13:51:45","date_gmt":"2023-03-13T13:51:45","guid":{"rendered":"https:\/\/xn--seoravalls-u9a.es\/?page_id=3"},"modified":"2023-10-02T12:58:40","modified_gmt":"2023-10-02T12:58:40","slug":"politica-privacidad","status":"publish","type":"page","link":"https:\/\/xn--seoravalls-u9a.es\/index.php\/politica-privacidad\/","title":{"rendered":"Pol\u00edtica de privacidad"},"content":{"rendered":"\t\t<div data-elementor-type=\"wp-page\" data-elementor-id=\"3\" class=\"elementor elementor-3\">\n\t\t\t\t\t\t<section class=\"elementor-section elementor-top-section elementor-element elementor-element-6ac74a3c elementor-section-boxed elementor-section-height-default elementor-section-height-default wpr-particle-no wpr-jarallax-no wpr-parallax-no wpr-sticky-section-no\" data-id=\"6ac74a3c\" data-element_type=\"section\">\n\t\t\t\t\t\t<div class=\"elementor-container elementor-column-gap-default\">\n\t\t\t\t\t<div class=\"elementor-column elementor-col-100 elementor-top-column elementor-element elementor-element-7be0a935\" data-id=\"7be0a935\" data-element_type=\"column\">\n\t\t\t<div class=\"elementor-widget-wrap elementor-element-populated\">\n\t\t\t\t\t\t<div class=\"elementor-element elementor-element-70a9d537 elementor-widget elementor-widget-text-editor\" data-id=\"70a9d537\" data-element_type=\"widget\" data-widget_type=\"text-editor.default\">\n\t\t\t\t<div class=\"elementor-widget-container\">\n\t\t\t\t\t\t\t\t\t<p><strong>Pol\u00edtica de privacidad<\/strong><br \/><strong>\u00daltima actualizaci\u00f3n el 02-Oct-2023<\/strong><br \/><strong>Fecha efectiva 02-Oct-2023<\/strong><\/p>\n<p>Esta Pol\u00edtica de Privacidad describe las pol\u00edticas de Se\u00f1ora Valls talleres de cer\u00e1mica, Calle El Santo, 10A, 38260 Tejina, Santa Cruz de Tenerife, Tejina 38260, Espa\u00f1a, correo electr\u00f3nico: marinavallsmir@gmail.com, tel\u00e9fono: +34623066829 sobre la recogida, uso y divulgaci\u00f3n de su informaci\u00f3n que recopilamos cuando utiliza nuestro sitio web ( https:\/\/se\u00f1oravalls.es\/ ). (el \u201cServicio\u201d). Al acceder o utilizar el Servicio, usted acepta la recopilaci\u00f3n, el uso y la divulgaci\u00f3n de su informaci\u00f3n de acuerdo con esta Pol\u00edtica de Privacidad. Si no est\u00e1 de acuerdo con lo mismo, por favor no acceda ni utilice el Servicio.<\/p>\n<p>Podemos modificar esta Pol\u00edtica de Privacidad en cualquier momento sin previo aviso y publicaremos la Pol\u00edtica de Privacidad revisada en el Servicio. La Pol\u00edtica revisada entrar\u00e1 en vigor 180 d\u00edas a partir de la fecha en que la Pol\u00edtica revisada se publique en el Servicio y su acceso o uso continuado del Servicio despu\u00e9s de ese tiempo constituir\u00e1 su aceptaci\u00f3n de la Pol\u00edtica de Privacidad revisada. Por lo tanto, le recomendamos que revise peri\u00f3dicamente esta p\u00e1gina.<\/p>\n<p><strong>C\u00f3mo Usamos Su Informaci\u00f3n:<\/strong><\/p>\n<p>Utilizaremos la informaci\u00f3n que recopilamos sobre usted para los siguientes prop\u00f3sitos:<\/p>\n<p><strong>Protecci\u00f3n del emplazamiento<\/strong><\/p>\n<p>Si queremos utilizar su informaci\u00f3n para cualquier otro prop\u00f3sito, le pediremos su consentimiento y utilizaremos su informaci\u00f3n solo despu\u00e9s de recibir su consentimiento y, a continuaci\u00f3n, solo para los fines para los que otorgue su consentimiento, a menos que estemos obligados a hacerlo de otra manera por ley.<\/p>\n<p><strong>Sus derechos:<\/strong><\/p>\n<p>Dependiendo de la ley aplicable, usted puede tener derecho a acceder y rectificar o eliminar sus datos personales o recibir una copia de sus datos personales, restringir u oponerse al procesamiento activo de sus datos, solicitarnos que compartamos (portemos) su informaci\u00f3n personal a otra entidad, retirar cualquier consentimiento que nos haya otorgado para procesar sus datos, el derecho a presentar una reclamaci\u00f3n ante una autoridad legal y otros derechos que puedan ser relevantes en virtud de las leyes aplicables. Para ejercer estos derechos, puede escribirnos a marinavallsmir@gmail.com. Responderemos a su solicitud de acuerdo con la ley aplicable.<\/p>\n<p>Puede darse de baja de las comunicaciones de marketing directo o de la elaboraci\u00f3n de perfiles que llevamos a cabo con fines de marketing escribi\u00e9ndonos a marinavallsmir@gmail.com.<\/p>\n<p>Tenga en cuenta que si no nos permite recopilar o procesar la informaci\u00f3n personal requerida o retira su consentimiento para procesar la misma para los fines requeridos, es posible que no pueda acceder o utilizar los servicios para los que se solicit\u00f3 su informaci\u00f3n.<\/p>\n<p><strong>Cookies Etc.<\/strong><\/p>\n<p>Para obtener m\u00e1s informaci\u00f3n sobre c\u00f3mo utilizamos estas tecnolog\u00edas y sus opciones en relaci\u00f3n con estas tecnolog\u00edas de seguimiento, consulte nuestra Pol\u00edtica de cookies.<\/p>\n<p><br \/><strong>Seguridad:<\/strong><\/p>\n<p>La seguridad de su informaci\u00f3n es importante para nosotros y utilizaremos medidas de seguridad razonables para evitar la p\u00e9rdida, mal uso o alteraci\u00f3n no autorizada de su informaci\u00f3n bajo nuestro control. Sin embargo, debido a los riesgos inherentes, no podemos garantizar la seguridad absoluta y, en consecuencia, no podemos garantizar ni garantizar la seguridad de ninguna informaci\u00f3n que nos transmita y usted lo hace bajo su propio riesgo.<\/p>\n<p><strong>Quejas \/ Oficial de Protecci\u00f3n de Datos:<\/strong><\/p>\n<p>Si tiene alguna pregunta o inquietud sobre el procesamiento de su informaci\u00f3n que tenemos a su disposici\u00f3n, puede enviar un correo electr\u00f3nico a nuestro Oficial de Quejas en Se\u00f1ora Valls talleres de cer\u00e1mica, Calle El Santo, 10A, 38260 Tejina, Santa Cruz de Tenerife, correo electr\u00f3nico: marinavallsmir@gmail.com. Responderemos a sus inquietudes de acuerdo con la ley aplicable.<\/p>\n<p>\u00a0<\/p>\n<p class=\"privacy-policy-p\">\u00a0<\/p>\t\t\t\t\t\t\t\t<\/div>\n\t\t\t\t<\/div>\n\t\t\t\t\t<\/div>\n\t\t<\/div>\n\t\t\t\t\t<\/div>\n\t\t<\/section>\n\t\t\t\t<\/div>\n\t\t","protected":false},"excerpt":{"rendered":"<p>Pol\u00edtica de privacidad\u00daltima actualizaci\u00f3n el 02-Oct-2023Fecha efectiva 02-Oct-2023 Esta Pol\u00edtica de Privacidad describe las pol\u00edticas de Se\u00f1ora Valls talleres de cer\u00e1mica, Calle El Santo, 10A, 38260 Tejina, Santa Cruz de Tenerife, Tejina 38260, Espa\u00f1a, correo electr\u00f3nico: marinavallsmir@gmail.com, tel\u00e9fono: +34623066829 sobre la recogida, uso y divulgaci\u00f3n de su informaci\u00f3n que recopilamos cuando utiliza nuestro sitio web ( https:\/\/se\u00f1oravalls.es\/ ). (el \u201cServicio\u201d). Al acceder o utilizar el Servicio, usted acepta la recopilaci\u00f3n, el uso y la divulgaci\u00f3n de su informaci\u00f3n de acuerdo con esta Pol\u00edtica de Privacidad. Si no est\u00e1 de acuerdo con lo mismo, por favor no acceda ni utilice el Servicio. Podemos modificar esta Pol\u00edtica de Privacidad en cualquier momento sin previo aviso y publicaremos la Pol\u00edtica de Privacidad revisada en el Servicio. La Pol\u00edtica revisada entrar\u00e1 en vigor 180 d\u00edas a partir de la fecha en que la Pol\u00edtica revisada se publique en el Servicio y su acceso o uso continuado del Servicio despu\u00e9s de ese tiempo constituir\u00e1 su aceptaci\u00f3n de la Pol\u00edtica de Privacidad revisada. Por lo tanto, le recomendamos que revise peri\u00f3dicamente esta p\u00e1gina. C\u00f3mo Usamos Su Informaci\u00f3n: Utilizaremos la informaci\u00f3n que recopilamos sobre usted para los siguientes prop\u00f3sitos: Protecci\u00f3n del emplazamiento Si queremos utilizar su informaci\u00f3n para cualquier otro prop\u00f3sito, le pediremos su consentimiento y utilizaremos su informaci\u00f3n solo despu\u00e9s de recibir su consentimiento y, a continuaci\u00f3n, solo para los fines para los que otorgue su consentimiento, a menos que estemos obligados a hacerlo de otra manera por ley. Sus derechos: Dependiendo de la ley aplicable, usted puede tener derecho a acceder y rectificar o eliminar sus datos personales o recibir una copia de sus datos personales, restringir u oponerse al procesamiento activo de sus datos, solicitarnos que compartamos (portemos) su informaci\u00f3n personal a otra entidad, retirar cualquier consentimiento que nos haya otorgado para procesar sus datos, el derecho a presentar una reclamaci\u00f3n ante una autoridad legal y otros derechos que puedan ser relevantes en virtud de las leyes aplicables. Para ejercer estos derechos, puede escribirnos a marinavallsmir@gmail.com. Responderemos a su solicitud de acuerdo con la ley aplicable. Puede darse de baja de las comunicaciones de marketing directo o de la elaboraci\u00f3n de perfiles que llevamos a cabo con fines de marketing escribi\u00e9ndonos a marinavallsmir@gmail.com. Tenga en cuenta que si no nos permite recopilar o procesar la informaci\u00f3n personal requerida o retira su consentimiento para procesar la misma para los fines requeridos, es posible que no pueda acceder o utilizar los servicios para los que se solicit\u00f3 su informaci\u00f3n. Cookies Etc. Para obtener m\u00e1s informaci\u00f3n sobre c\u00f3mo utilizamos estas tecnolog\u00edas y sus opciones en relaci\u00f3n con estas tecnolog\u00edas de seguimiento, consulte nuestra Pol\u00edtica de cookies. Seguridad: La seguridad de su informaci\u00f3n es importante para nosotros y utilizaremos medidas de seguridad razonables para evitar la p\u00e9rdida, mal uso o alteraci\u00f3n no autorizada de su informaci\u00f3n bajo nuestro control. Sin embargo, debido a los riesgos inherentes, no podemos garantizar la seguridad absoluta y, en consecuencia, no podemos garantizar ni garantizar la seguridad de ninguna informaci\u00f3n que nos transmita y usted lo hace bajo su propio riesgo. Quejas \/ Oficial de Protecci\u00f3n de Datos: Si tiene alguna pregunta o inquietud sobre el procesamiento de su informaci\u00f3n que tenemos a su disposici\u00f3n, puede enviar un correo electr\u00f3nico a nuestro Oficial de Quejas en Se\u00f1ora Valls talleres de cer\u00e1mica, Calle El Santo, 10A, 38260 Tejina, Santa Cruz de Tenerife, correo electr\u00f3nico: marinavallsmir@gmail.com. Responderemos a sus inquietudes de acuerdo con la ley aplicable. \u00a0 \u00a0<\/p>\n","protected":false},"author":1,"featured_media":0,"parent":0,"menu_order":0,"comment_status":"closed","ping_status":"open","template":"","meta":{"footnotes":""},"class_list":["post-3","page","type-page","status-publish","hentry"],"_links":{"self":[{"href":"https:\/\/xn--seoravalls-u9a.es\/index.php\/wp-json\/wp\/v2\/pages\/3","targetHints":{"allow":["GET"]}}],"collection":[{"href":"https:\/\/xn--seoravalls-u9a.es\/index.php\/wp-json\/wp\/v2\/pages"}],"about":[{"href":"https:\/\/xn--seoravalls-u9a.es\/index.php\/wp-json\/wp\/v2\/types\/page"}],"author":[{"embeddable":true,"href":"https:\/\/xn--seoravalls-u9a.es\/index.php\/wp-json\/wp\/v2\/users\/1"}],"replies":[{"embeddable":true,"href":"https:\/\/xn--seoravalls-u9a.es\/index.php\/wp-json\/wp\/v2\/comments?post=3"}],"version-history":[{"count":4,"href":"https:\/\/xn--seoravalls-u9a.es\/index.php\/wp-json\/wp\/v2\/pages\/3\/revisions"}],"predecessor-version":[{"id":3159,"href":"https:\/\/xn--seoravalls-u9a.es\/index.php\/wp-json\/wp\/v2\/pages\/3\/revisions\/3159"}],"wp:attachment":[{"href":"https:\/\/xn--seoravalls-u9a.es\/index.php\/wp-json\/wp\/v2\/media?parent=3"}],"curies":[{"name":"wp","href":"https:\/\/api.w.org\/{rel}","templated":true}]}}