{"id":2354,"date":"2023-03-16T13:29:26","date_gmt":"2023-03-16T13:29:26","guid":{"rendered":"https:\/\/xn--seoravalls-u9a.es\/index.php\/producto\/album\/"},"modified":"2024-05-16T13:24:14","modified_gmt":"2024-05-16T13:24:14","slug":"taller-ceramica-funcional","status":"publish","type":"product","link":"https:\/\/xn--seoravalls-u9a.es\/index.php\/producto\/taller-ceramica-funcional\/","title":{"rendered":"Taller cer\u00e1mica funcional\u200b"},"content":{"rendered":"<p>Taller de iniciaci\u00f3n a la cer\u00e1mica<\/p>\n","protected":false},"excerpt":{"rendered":"<p>Taller de iniciaci\u00f3n a la cer\u00e1mica, de 10:00 hrs. a 13:00 (m\u00e1s datos)<\/p>\n","protected":false},"featured_media":2929,"template":"","meta":[],"product_cat":[24],"product_tag":[],"giftcard-category":[],"class_list":{"0":"post-2354","1":"product","2":"type-product","3":"status-publish","4":"has-post-thumbnail","6":"product_cat-ceramica","8":"first","9":"instock","10":"downloadable","11":"virtual","12":"purchasable","13":"product-type-simple"},"_links":{"self":[{"href":"https:\/\/xn--seoravalls-u9a.es\/index.php\/wp-json\/wp\/v2\/product\/2354","targetHints":{"allow":["GET"]}}],"collection":[{"href":"https:\/\/xn--seoravalls-u9a.es\/index.php\/wp-json\/wp\/v2\/product"}],"about":[{"href":"https:\/\/xn--seoravalls-u9a.es\/index.php\/wp-json\/wp\/v2\/types\/product"}],"wp:featuredmedia":[{"embeddable":true,"href":"https:\/\/xn--seoravalls-u9a.es\/index.php\/wp-json\/wp\/v2\/media\/2929"}],"wp:attachment":[{"href":"https:\/\/xn--seoravalls-u9a.es\/index.php\/wp-json\/wp\/v2\/media?parent=2354"}],"wp:term":[{"taxonomy":"product_cat","embeddable":true,"href":"https:\/\/xn--seoravalls-u9a.es\/index.php\/wp-json\/wp\/v2\/product_cat?post=2354"},{"taxonomy":"product_tag","embeddable":true,"href":"https:\/\/xn--seoravalls-u9a.es\/index.php\/wp-json\/wp\/v2\/product_tag?post=2354"},{"taxonomy":"giftcard-category","embeddable":true,"href":"https:\/\/xn--seoravalls-u9a.es\/index.php\/wp-json\/wp\/v2\/giftcard-category?post=2354"}],"curies":[{"name":"wp","href":"https:\/\/api.w.org\/{rel}","templated":true}]}}