{"id":2358,"date":"2023-03-16T13:33:46","date_gmt":"2023-03-16T13:33:46","guid":{"rendered":"https:\/\/xn--seoravalls-u9a.es\/?post_type=product&#038;p=2358"},"modified":"2024-05-16T13:23:56","modified_gmt":"2024-05-16T13:23:56","slug":"taller-ceramica-artistica","status":"publish","type":"product","link":"https:\/\/xn--seoravalls-u9a.es\/index.php\/producto\/taller-ceramica-artistica\/","title":{"rendered":"Taller cer\u00e1mica art\u00edstica\u200b"},"content":{"rendered":"<p>Taller de iniciaci\u00f3n a la cer\u00e1mica 2<\/p>\n","protected":false},"excerpt":{"rendered":"<p>Taller de iniciaci\u00f3n a la cer\u00e1mica 2, de 10:00 hrs. a 13:00 (m\u00e1s datos)<\/p>\n","protected":false},"featured_media":2928,"template":"","meta":[],"product_cat":[24],"product_tag":[],"giftcard-category":[],"class_list":{"0":"post-2358","1":"product","2":"type-product","3":"status-publish","4":"has-post-thumbnail","6":"product_cat-ceramica","8":"first","9":"instock","10":"downloadable","11":"virtual","12":"purchasable","13":"product-type-simple"},"_links":{"self":[{"href":"https:\/\/xn--seoravalls-u9a.es\/index.php\/wp-json\/wp\/v2\/product\/2358","targetHints":{"allow":["GET"]}}],"collection":[{"href":"https:\/\/xn--seoravalls-u9a.es\/index.php\/wp-json\/wp\/v2\/product"}],"about":[{"href":"https:\/\/xn--seoravalls-u9a.es\/index.php\/wp-json\/wp\/v2\/types\/product"}],"wp:featuredmedia":[{"embeddable":true,"href":"https:\/\/xn--seoravalls-u9a.es\/index.php\/wp-json\/wp\/v2\/media\/2928"}],"wp:attachment":[{"href":"https:\/\/xn--seoravalls-u9a.es\/index.php\/wp-json\/wp\/v2\/media?parent=2358"}],"wp:term":[{"taxonomy":"product_cat","embeddable":true,"href":"https:\/\/xn--seoravalls-u9a.es\/index.php\/wp-json\/wp\/v2\/product_cat?post=2358"},{"taxonomy":"product_tag","embeddable":true,"href":"https:\/\/xn--seoravalls-u9a.es\/index.php\/wp-json\/wp\/v2\/product_tag?post=2358"},{"taxonomy":"giftcard-category","embeddable":true,"href":"https:\/\/xn--seoravalls-u9a.es\/index.php\/wp-json\/wp\/v2\/giftcard-category?post=2358"}],"curies":[{"name":"wp","href":"https:\/\/api.w.org\/{rel}","templated":true}]}}