{"id":2362,"date":"2023-03-16T13:57:26","date_gmt":"2023-03-16T13:57:26","guid":{"rendered":"https:\/\/xn--seoravalls-u9a.es\/?post_type=product&#038;p=2362"},"modified":"2024-05-16T13:22:46","modified_gmt":"2024-05-16T13:22:46","slug":"taller-fin-de-semana","status":"publish","type":"product","link":"https:\/\/xn--seoravalls-u9a.es\/index.php\/producto\/taller-fin-de-semana\/","title":{"rendered":"Taller fin de semana\u200b"},"content":{"rendered":"<p>Taller de cer\u00e1mica &#8211; Decoraci\u00f3n<\/p>\n","protected":false},"excerpt":{"rendered":"<p>Taller de iniciaci\u00f3n a la cer\u00e1mica, de 10:00 hrs. a 13:00 (m\u00e1s datos)<\/p>\n","protected":false},"featured_media":2921,"template":"","meta":[],"product_cat":[24],"product_tag":[],"giftcard-category":[],"class_list":{"0":"post-2362","1":"product","2":"type-product","3":"status-publish","4":"has-post-thumbnail","6":"product_cat-ceramica","8":"first","9":"instock","10":"downloadable","11":"virtual","12":"purchasable","13":"product-type-simple"},"_links":{"self":[{"href":"https:\/\/xn--seoravalls-u9a.es\/index.php\/wp-json\/wp\/v2\/product\/2362","targetHints":{"allow":["GET"]}}],"collection":[{"href":"https:\/\/xn--seoravalls-u9a.es\/index.php\/wp-json\/wp\/v2\/product"}],"about":[{"href":"https:\/\/xn--seoravalls-u9a.es\/index.php\/wp-json\/wp\/v2\/types\/product"}],"wp:featuredmedia":[{"embeddable":true,"href":"https:\/\/xn--seoravalls-u9a.es\/index.php\/wp-json\/wp\/v2\/media\/2921"}],"wp:attachment":[{"href":"https:\/\/xn--seoravalls-u9a.es\/index.php\/wp-json\/wp\/v2\/media?parent=2362"}],"wp:term":[{"taxonomy":"product_cat","embeddable":true,"href":"https:\/\/xn--seoravalls-u9a.es\/index.php\/wp-json\/wp\/v2\/product_cat?post=2362"},{"taxonomy":"product_tag","embeddable":true,"href":"https:\/\/xn--seoravalls-u9a.es\/index.php\/wp-json\/wp\/v2\/product_tag?post=2362"},{"taxonomy":"giftcard-category","embeddable":true,"href":"https:\/\/xn--seoravalls-u9a.es\/index.php\/wp-json\/wp\/v2\/giftcard-category?post=2362"}],"curies":[{"name":"wp","href":"https:\/\/api.w.org\/{rel}","templated":true}]}}